{"id":13789,"date":"2026-03-21T13:56:57","date_gmt":"2026-03-21T13:56:57","guid":{"rendered":"https:\/\/tintas.ascend.pt\/produto\/multex-lisa\/"},"modified":"2026-03-21T13:57:04","modified_gmt":"2026-03-21T13:57:04","slug":"multex-lisa","status":"publish","type":"product","link":"https:\/\/tintas.ascend.pt\/en\/product\/multex-lisa\/","title":{"rendered":"MULTEX LISA"},"content":{"rendered":"<p>As fachadas exteriores est\u00e3o expostas a varia\u00e7\u00f5es de temperatura, humidade e agentes biol\u00f3gicos que degradam as superf\u00edcies, provocam fissuras e permitem a infiltra\u00e7\u00e3o de \u00e1gua, comprometendo a integridade do suporte ao longo do tempo.<\/p>\n<p>A formula\u00e7\u00e3o \u00e0 base de resina acr\u00edlica cria um filme microporoso que liberta vapor de \u00e1gua sem deixar entrar humidade, com viscosidade de 110 \u00b1 5 KU e densidade de 1,35 \u00b1 0,05 Kg\/l. A flexibilidade e elasticidade do filme acompanham pequenos movimentos do suporte, enquanto a elevada resist\u00eancia \u00e0 alcalinidade prolonga a durabilidade em suportes ciment\u00edcios. A aplica\u00e7\u00e3o em 2 a 3 dem\u00e3os, com dilui\u00e7\u00e3o de 10 a 15% na primeira dem\u00e3o para penetra\u00e7\u00e3o e 5 a 10% nas seguintes para cobertura, garante um filme uniforme e lav\u00e1vel.<\/p>\n<p><strong>Superf\u00edcies compat\u00edveis<\/strong> Fachadas exteriores, revestimentos impermeabilizantes, superf\u00edcies caiadas ou a gizar (ap\u00f3s remo\u00e7\u00e3o de cal e aplica\u00e7\u00e3o de prim\u00e1rio Isotela\/Hidromultilites), superf\u00edcies com algas ou fungos (ap\u00f3s tratamento antif\u00fangico) e superf\u00edcies com fissuras (ap\u00f3s aplica\u00e7\u00e3o de Fissol ou cimento e prim\u00e1rio adequado).<\/p>\n<p><strong>Caracter\u00edsticas t\u00e9cnicas<\/strong> Acabamento mate liso; natureza microporosa do filme com liberta\u00e7\u00e3o de vapor de \u00e1gua; viscosidade de 110 \u00b1 5 KU a 23 \u00baC; densidade de 1,35 \u00b1 0,05 Kg\/l a 23 \u00baC; rendimento de 4 a 6 m\u00b2\/l consoante o suporte; secagem entre dem\u00e3os de 4 a 6 horas; aplica\u00e7\u00e3o com trincha, rolo ou pistola de spray; n\u00e3o aconselh\u00e1vel spray em lata; evitar aplica\u00e7\u00e3o com humidade relativa superior a 80% e temperaturas inferiores a 10 \u00baC ou superiores a 35 \u00baC.<\/p>\n<p><strong>Mais de 50 cores dispon\u00edveis<\/strong> O produto est\u00e1 dispon\u00edvel num cat\u00e1logo alargado de cores, mediante consulta.<\/p>","protected":false},"excerpt":{"rendered":"<p>Tinta acr\u00edlica flex\u00edvel para fachadas exteriores com acabamento mate liso, resistente \u00e0 alcalinidade e de baixa absor\u00e7\u00e3o de \u00e1gua.<\/p>","protected":false},"featured_media":13788,"comment_status":"open","ping_status":"closed","template":"","meta":{"_acf_changed":false},"product_cat":[285],"product_tag":[],"class_list":{"0":"post-13789","1":"product","2":"type-product","3":"status-publish","4":"has-post-thumbnail","6":"product_cat-fachadas","7":"pa_cor-alabastro-702","8":"pa_cor-alperce-822","9":"pa_cor-alperce-dourado-824","10":"pa_cor-amarelo-213","11":"pa_cor-amarelo-baunilha-315","12":"pa_cor-amarelo-california-863","13":"pa_cor-amarelo-claro-412","14":"pa_cor-amarelo-evora-874","15":"pa_cor-amarelo-mimosa-320","16":"pa_cor-amarelo-palha-332","17":"pa_cor-amendoa-204","18":"pa_cor-azul-alentejo-321","19":"pa_cor-azul-anilado-861","20":"pa_cor-azul-celeste-312","21":"pa_cor-azul-claro-311","22":"pa_cor-azul-medio-850","23":"pa_cor-azul-safira-862","24":"pa_cor-baunilha-407","25":"pa_cor-bege-834","26":"pa_cor-bege-escuro-825","27":"pa_cor-bege-savana-839","28":"pa_cor-branco","29":"pa_cor-branco-camelia-815","30":"pa_cor-branco-creme-838","31":"pa_cor-branco-marfim-402","32":"pa_cor-branco-perola-308","33":"pa_cor-branco-sujo-830","34":"pa_cor-branco-sujo-cinza-700","35":"pa_cor-branco-sujo-creme-701","36":"pa_cor-camelia-301","37":"pa_cor-camurca-314","38":"pa_cor-camurca-claro-840","39":"pa_cor-castanho-329","40":"pa_cor-castanho-chocolate-842","41":"pa_cor-castanho-claro-837","42":"pa_cor-castanho-escuro-319","43":"pa_cor-champagne-210","44":"pa_cor-cinza-antracite-876","45":"pa_cor-cinza-chumbo-323","46":"pa_cor-cinza-claro-309","47":"pa_cor-cinzento-310","48":"pa_cor-cinzento-escuro-832","49":"pa_cor-cinzento-nuvem-831","50":"pa_cor-concha-833","51":"pa_cor-creme-302","52":"pa_cor-creme-dourado-836","53":"pa_cor-duna-821","54":"pa_cor-ferro-318","55":"pa_cor-flamingo-307","56":"pa_cor-grao-claro-303","57":"pa_cor-lacre-867","58":"pa_cor-laranja-dourado-852","59":"pa_cor-lilas-846","60":"pa_cor-lilas-claro-845","61":"pa_cor-limao-claro-828","62":"pa_cor-linho-873","63":"pa_cor-magnolia-305","64":"pa_cor-marfim-806","65":"pa_cor-miositis-207","66":"pa_cor-mostarda-827","67":"pa_cor-ocre-841","68":"pa_cor-ocre-forte-844","69":"pa_cor-pardo-843","70":"pa_cor-pessego-206","71":"pa_cor-polo-norte-847","72":"pa_cor-preto-331","73":"pa_cor-rosa-306","74":"pa_cor-rosa-cetim-817","75":"pa_cor-rosa-cinza-848","76":"pa_cor-rosa-palido-819","77":"pa_cor-rosa-salmao-823","78":"pa_cor-rosa-sonho-864","79":"pa_cor-rosa-velho-820","80":"pa_cor-rosa-vivo-877","81":"pa_cor-salmao-304","82":"pa_cor-telha-t10-50","83":"pa_cor-telha-t5-50","84":"pa_cor-tijolo-317","85":"pa_cor-trigo-826","86":"pa_cor-verde-agua-203","87":"pa_cor-verde-alface-327","88":"pa_cor-verde-anona-858","89":"pa_cor-verde-fantasia-859","90":"pa_cor-verde-maca-857","91":"pa_cor-verde-medio-330","92":"pa_cor-verde-musgo-328","93":"pa_cor-verde-vibrante-851","95":"first","96":"instock","97":"shipping-taxable","98":"purchasable","99":"product-type-variable","swatches":"rey-swatches","show_selected":""},"acf":[],"_links":{"self":[{"href":"https:\/\/tintas.ascend.pt\/en\/wp-json\/wp\/v2\/product\/13789","targetHints":{"allow":["GET"]}}],"collection":[{"href":"https:\/\/tintas.ascend.pt\/en\/wp-json\/wp\/v2\/product"}],"about":[{"href":"https:\/\/tintas.ascend.pt\/en\/wp-json\/wp\/v2\/types\/product"}],"replies":[{"embeddable":true,"href":"https:\/\/tintas.ascend.pt\/en\/wp-json\/wp\/v2\/comments?post=13789"}],"wp:featuredmedia":[{"embeddable":true,"href":"https:\/\/tintas.ascend.pt\/en\/wp-json\/wp\/v2\/media\/13788"}],"wp:attachment":[{"href":"https:\/\/tintas.ascend.pt\/en\/wp-json\/wp\/v2\/media?parent=13789"}],"wp:term":[{"taxonomy":"product_cat","embeddable":true,"href":"https:\/\/tintas.ascend.pt\/en\/wp-json\/wp\/v2\/product_cat?post=13789"},{"taxonomy":"product_tag","embeddable":true,"href":"https:\/\/tintas.ascend.pt\/en\/wp-json\/wp\/v2\/product_tag?post=13789"}],"curies":[{"name":"wp","href":"https:\/\/api.w.org\/{rel}","templated":true}]}}