{"id":14825,"date":"2026-03-21T14:04:25","date_gmt":"2026-03-21T14:04:25","guid":{"rendered":"https:\/\/tintas.ascend.pt\/produto\/multisol-alquidico-aquoso\/"},"modified":"2026-03-27T17:10:35","modified_gmt":"2026-03-27T17:10:35","slug":"multisol-alquidico-aquoso","status":"publish","type":"product","link":"https:\/\/tintas.ascend.pt\/en\/product\/multisol-alquidico-aquoso\/","title":{"rendered":"MULTISOL ALQU\u00cdDICO AQUOSO"},"content":{"rendered":"<p>A aplica\u00e7\u00e3o de esmaltes de base solvente em superf\u00edcies de madeira e metal implica emiss\u00f5es elevadas de compostos org\u00e2nicos vol\u00e1teis, tempos de limpeza prolongados e restri\u00e7\u00f5es de uso em espa\u00e7os fechados, o que aumenta o tempo de imobiliza\u00e7\u00e3o das pe\u00e7as e os custos operacionais.<\/p>\n<p>Este esmalte, formulado com dispers\u00f5es alqu\u00eddicas aquosas, reduz o teor de COVs sem comprometer a performance de um esmalte sint\u00e9tico convencional. A viscosidade de 95 KU a 23 \u00b0C e a densidade de 1,25 Kg\/l garantem uma aplica\u00e7\u00e3o controlada. O rendimento de 8 a 10 m\u00b2\/l varia conforme o suporte. A secagem entre dem\u00e3os ocorre entre 4 a 6 horas e a secagem total em 12 horas. Aplica-se em 2 a 3 dem\u00e3os: a 1.\u00aa com dilui\u00e7\u00e3o de 10 a 15% em \u00e1gua para penetra\u00e7\u00e3o, as seguintes com 5 a 10% para maior cobertura e espessura de filme. A boa lacagem e elasticidade da formula\u00e7\u00e3o reduzem o risco de fendilhamento em suportes sujeitos a varia\u00e7\u00f5es dimensionais.<\/p>\n<p><strong>Superf\u00edcies compat\u00edveis:<\/strong> madeiras, ligas leves, azulejos e metais; em superf\u00edcies met\u00e1licas recomenda-se uma dem\u00e3o pr\u00e9via de prim\u00e1rio alqu\u00eddico aquoso para refor\u00e7ar as propriedades anticorros\u00e3o e lacagem; em superf\u00edcies pintadas com esmalte ou verniz brilhante deve lixar-se previamente com lixa fina para promover a ader\u00eancia.<\/p>\n<p><strong>Caracter\u00edsticas t\u00e9cnicas:<\/strong> viscosidade de 95 KU a 23 \u00b0C; densidade de 1,25 Kg\/l a 23 \u00b0C; dureza excelente; boa elasticidade; dispon\u00edvel em acabamento mate, meio brilho e brilhante; lav\u00e1vel; aplic\u00e1vel com trincha, rolo ou pistola de spray; n\u00e3o aplicar com humidade relativa superior a 80% nem a temperaturas inferiores a 10 \u00b0C ou superiores a 35 \u00b0C.<\/p>\n<p><strong>Mais de 50 cores dispon\u00edveis:<\/strong> o cat\u00e1logo de cores est\u00e1 dispon\u00edvel mediante contacto com o fabricante.<\/p>","protected":false},"excerpt":{"rendered":"<p>Esmalte alqu\u00eddico aquoso para madeiras e metais com baixo teor de COVs e dureza excelente, equivalente ao esmalte sint\u00e9tico.<\/p>","protected":false},"featured_media":15791,"comment_status":"open","ping_status":"closed","template":"","meta":{"_acf_changed":false},"product_cat":[288],"product_tag":[],"class_list":{"0":"post-14825","1":"product","2":"type-product","3":"status-publish","4":"has-post-thumbnail","6":"product_cat-madeiras-e-metais","7":"pa_cor-alabastro-702","8":"pa_cor-alperce-822","9":"pa_cor-alperce-dourado-824","10":"pa_cor-amarelo-213","11":"pa_cor-amarelo-baunilha-315","12":"pa_cor-amarelo-california-863","13":"pa_cor-amarelo-claro-412","14":"pa_cor-amarelo-evora-874","15":"pa_cor-amarelo-mimosa-320","16":"pa_cor-amarelo-palha-332","17":"pa_cor-amendoa-204","18":"pa_cor-azul-alentejo-321","19":"pa_cor-azul-anilado-861","20":"pa_cor-azul-celeste-312","21":"pa_cor-azul-claro-311","22":"pa_cor-azul-medio-850","23":"pa_cor-azul-safira-862","24":"pa_cor-baunilha-407","25":"pa_cor-bege-834","26":"pa_cor-bege-escuro-825","27":"pa_cor-bege-savana-839","28":"pa_cor-bordeaux-868","29":"pa_cor-branco","30":"pa_cor-branco-camelia-815","31":"pa_cor-branco-creme-838","32":"pa_cor-branco-marfim-402","33":"pa_cor-branco-perola-308","34":"pa_cor-branco-sujo-830","35":"pa_cor-branco-sujo-cinza-700","36":"pa_cor-branco-sujo-creme-701","37":"pa_cor-camelia-301","38":"pa_cor-camurca-314","39":"pa_cor-camurca-claro-840","40":"pa_cor-castanho-329","41":"pa_cor-castanho-chocolate-842","42":"pa_cor-castanho-claro-837","43":"pa_cor-castanho-escuro-319","44":"pa_cor-champagne-210","45":"pa_cor-ciclame-865","46":"pa_cor-cinza-antracite-876","47":"pa_cor-cinza-chumbo-323","48":"pa_cor-cinza-claro-309","49":"pa_cor-cinzento-310","50":"pa_cor-cinzento-escuro-832","51":"pa_cor-cinzento-nuvem-831","52":"pa_cor-concha-833","53":"pa_cor-creme-302","54":"pa_cor-creme-dourado-836","55":"pa_cor-duna-821","56":"pa_cor-ferro-318","57":"pa_cor-flamingo-307","58":"pa_cor-grao-claro-303","59":"pa_cor-lacre-867","60":"pa_cor-laranja-854","61":"pa_cor-laranja-dourado-852","62":"pa_cor-laranja-fogo-855","63":"pa_cor-laranja-mecanica-853","64":"pa_cor-lilas-846","65":"pa_cor-lilas-claro-845","66":"pa_cor-limao-claro-828","67":"pa_cor-linho-873","68":"pa_cor-magnolia-305","69":"pa_cor-marfim-806","70":"pa_cor-miositis-207","71":"pa_cor-mostarda-827","72":"pa_cor-ocre-841","73":"pa_cor-ocre-forte-844","74":"pa_cor-pardo-843","75":"pa_cor-pessego-206","76":"pa_cor-polo-norte-847","77":"pa_cor-preto-331","78":"pa_cor-rosa-306","79":"pa_cor-rosa-bebe-869","80":"pa_cor-rosa-cetim-817","81":"pa_cor-rosa-cinza-848","82":"pa_cor-rosa-palido-819","83":"pa_cor-rosa-pop-870","84":"pa_cor-rosa-salmao-823","85":"pa_cor-rosa-sonho-864","86":"pa_cor-rosa-velho-820","87":"pa_cor-rosa-vivo-877","88":"pa_cor-salmao-304","89":"pa_cor-sexy-pink-871","90":"pa_cor-telha-t10-50","91":"pa_cor-telha-t5-50","92":"pa_cor-tijolo-317","93":"pa_cor-trigo-826","94":"pa_cor-verde-agua-203","95":"pa_cor-verde-alface-327","96":"pa_cor-verde-anona-858","97":"pa_cor-verde-fantasia-859","98":"pa_cor-verde-jamaica-860","99":"pa_cor-verde-maca-857","100":"pa_cor-verde-medio-330","101":"pa_cor-verde-musgo-328","102":"pa_cor-verde-vibrante-851","103":"pa_cor-vermelho-nirvana-856","104":"pa_cor-violeta-872","106":"first","107":"instock","108":"shipping-taxable","109":"purchasable","110":"product-type-variable","swatches":"rey-swatches","show_selected":""},"acf":[],"_links":{"self":[{"href":"https:\/\/tintas.ascend.pt\/en\/wp-json\/wp\/v2\/product\/14825","targetHints":{"allow":["GET"]}}],"collection":[{"href":"https:\/\/tintas.ascend.pt\/en\/wp-json\/wp\/v2\/product"}],"about":[{"href":"https:\/\/tintas.ascend.pt\/en\/wp-json\/wp\/v2\/types\/product"}],"replies":[{"embeddable":true,"href":"https:\/\/tintas.ascend.pt\/en\/wp-json\/wp\/v2\/comments?post=14825"}],"wp:featuredmedia":[{"embeddable":true,"href":"https:\/\/tintas.ascend.pt\/en\/wp-json\/wp\/v2\/media\/15791"}],"wp:attachment":[{"href":"https:\/\/tintas.ascend.pt\/en\/wp-json\/wp\/v2\/media?parent=14825"}],"wp:term":[{"taxonomy":"product_cat","embeddable":true,"href":"https:\/\/tintas.ascend.pt\/en\/wp-json\/wp\/v2\/product_cat?post=14825"},{"taxonomy":"product_tag","embeddable":true,"href":"https:\/\/tintas.ascend.pt\/en\/wp-json\/wp\/v2\/product_tag?post=14825"}],"curies":[{"name":"wp","href":"https:\/\/api.w.org\/{rel}","templated":true}]}}