{"id":15044,"date":"2026-03-21T14:06:35","date_gmt":"2026-03-21T14:06:35","guid":{"rendered":"https:\/\/tintas.ascend.pt\/produto\/aquazinco\/"},"modified":"2026-03-27T17:17:20","modified_gmt":"2026-03-27T17:17:20","slug":"aquazinco","status":"publish","type":"product","link":"https:\/\/tintas.ascend.pt\/en\/product\/aquazinco\/","title":{"rendered":"AQUAZINCO"},"content":{"rendered":"<p>As superf\u00edcies met\u00e1licas expostas \u00e0 humidade e \u00e0 oxida\u00e7\u00e3o degradam-se progressivamente, comprometendo a integridade das estruturas e aumentando os custos de manuten\u00e7\u00e3o. A presen\u00e7a de ferrugem ou calamina acelera este processo e reduz a ader\u00eancia dos revestimentos subsequentes.<\/p>\n<p>O AQUAZINCO \u00e9 formulado com resinas alqu\u00eddicas uretanadas de base aquosa e pigmentos anti-corrosivos, especificamente fosfato de zinco e \u00f3xido de ferro, que bloqueiam a progress\u00e3o da corros\u00e3o. A viscosidade de 100 KU (a 23 \u00b0C) e a densidade de 1,30 Kg\/l garantem um rendimento de 8 a 10 m2\/l. A secagem entre dem\u00e3os ocorre em 1 a 2 horas e a secagem total em 12 horas. Aplicam-se 2 a 3 dem\u00e3os: a primeira com dilui\u00e7\u00e3o de 10 a 15% em \u00e1gua para melhor penetra\u00e7\u00e3o, e as seguintes com 5 a 10% para maior cobertura e espessura do filme. Funciona como alternativa directa a prim\u00e1rios de base solvente, mantendo boa resist\u00eancia \u00e0 humidade.<\/p>\n<p><strong>Superf\u00edcies compat\u00edveis<\/strong> metais ferrosos e metais n\u00e3o ferrosos.<\/p>\n<p><strong>Caracter\u00edsticas t\u00e9cnicas<\/strong> viscosidade de 100 KU a 23 \u00b0C, densidade de 1,30 Kg\/l a 23 \u00b0C, rendimento de 8 a 10 m2\/l consoante o suporte, secagem entre dem\u00e3os de 1 a 2 horas, secagem total de 12 horas, aplica\u00e7\u00e3o por trincha, rolo ou pistola de spray, dilui\u00e7\u00e3o com \u00e1gua de 10 a 15% na primeira dem\u00e3o e 5 a 10% nas dem\u00e3os seguintes, humidade relativa m\u00e1xima de aplica\u00e7\u00e3o de 80%, temperatura de aplica\u00e7\u00e3o entre 10 \u00b0C e 35 \u00b0C.<\/p>","protected":false},"excerpt":{"rendered":"<p>Prim\u00e1rio anti-corrosivo aquoso para metais ferrosos e n\u00e3o ferrosos, formulado com fosfato de zinco e \u00f3xido de ferro em base aquosa.<\/p>","protected":false},"featured_media":15791,"comment_status":"open","ping_status":"closed","template":"","meta":{"_acf_changed":false},"product_cat":[289],"product_tag":[],"class_list":{"0":"post-15044","1":"product","2":"type-product","3":"status-publish","4":"has-post-thumbnail","6":"product_cat-primarios-e-isolantes","7":"pa_cor-cinzento-310","8":"pa_cor-vermelho-nirvana-856","10":"first","11":"instock","12":"shipping-taxable","13":"purchasable","14":"product-type-variable","swatches":"rey-swatches","show_selected":""},"acf":[],"_links":{"self":[{"href":"https:\/\/tintas.ascend.pt\/en\/wp-json\/wp\/v2\/product\/15044","targetHints":{"allow":["GET"]}}],"collection":[{"href":"https:\/\/tintas.ascend.pt\/en\/wp-json\/wp\/v2\/product"}],"about":[{"href":"https:\/\/tintas.ascend.pt\/en\/wp-json\/wp\/v2\/types\/product"}],"replies":[{"embeddable":true,"href":"https:\/\/tintas.ascend.pt\/en\/wp-json\/wp\/v2\/comments?post=15044"}],"wp:featuredmedia":[{"embeddable":true,"href":"https:\/\/tintas.ascend.pt\/en\/wp-json\/wp\/v2\/media\/15791"}],"wp:attachment":[{"href":"https:\/\/tintas.ascend.pt\/en\/wp-json\/wp\/v2\/media?parent=15044"}],"wp:term":[{"taxonomy":"product_cat","embeddable":true,"href":"https:\/\/tintas.ascend.pt\/en\/wp-json\/wp\/v2\/product_cat?post=15044"},{"taxonomy":"product_tag","embeddable":true,"href":"https:\/\/tintas.ascend.pt\/en\/wp-json\/wp\/v2\/product_tag?post=15044"}],"curies":[{"name":"wp","href":"https:\/\/api.w.org\/{rel}","templated":true}]}}