{"id":15996,"date":"2026-03-21T19:01:15","date_gmt":"2026-03-21T19:01:15","guid":{"rendered":"https:\/\/tintas.ascend.pt\/produto\/lixa-agua\/"},"modified":"2026-03-21T19:01:15","modified_gmt":"2026-03-21T19:01:15","slug":"lixa-agua","status":"publish","type":"product","link":"https:\/\/tintas.ascend.pt\/en\/product\/lixa-agua\/","title":{"rendered":"LIXA \u00c1GUA"},"content":{"rendered":"<p>O lixamento tradicional a seco pode criar riscos e sobreaquecer as superf\u00edcies, comprometendo o acabamento final. A lixa de \u00e1gua resolve este problema permitindo o lixamento h\u00famido, que mant\u00e9m a temperatura controlada e elimina o p\u00f3 durante o processo.<\/p>\n<p>Adequada para madeiras tratadas e envernizadas, tintas, vernizes e outros acabamentos que necessitem de polimento fino. Ideal para trabalhos de restauro e acabamentos de qualidade superior.<\/p>\n<p>A base imperme\u00e1vel permite o uso com \u00e1gua sem deteriora\u00e7\u00e3o do material abrasivo. O gr\u00e3o distribu\u00eddo uniformemente garante um acabamento consistente e reduz significativamente as marcas de lixamento.<\/p>","protected":false},"excerpt":{"rendered":"<p>Lixa de \u00e1gua para acabamentos finos em madeira e superf\u00edcies diversas, proporcionando lixamento h\u00famido sem riscos de sobreaquecer.<\/p>","protected":false},"featured_media":15995,"comment_status":"open","ping_status":"closed","template":"","meta":{"_acf_changed":false},"product_cat":[291],"product_tag":[],"class_list":{"0":"post-15996","1":"product","2":"type-product","3":"status-publish","4":"has-post-thumbnail","6":"product_cat-produtos-complementares","8":"first","9":"instock","10":"shipping-taxable","11":"product-type-simple","swatches":"rey-swatches","show_selected":""},"acf":[],"_links":{"self":[{"href":"https:\/\/tintas.ascend.pt\/en\/wp-json\/wp\/v2\/product\/15996","targetHints":{"allow":["GET"]}}],"collection":[{"href":"https:\/\/tintas.ascend.pt\/en\/wp-json\/wp\/v2\/product"}],"about":[{"href":"https:\/\/tintas.ascend.pt\/en\/wp-json\/wp\/v2\/types\/product"}],"replies":[{"embeddable":true,"href":"https:\/\/tintas.ascend.pt\/en\/wp-json\/wp\/v2\/comments?post=15996"}],"wp:featuredmedia":[{"embeddable":true,"href":"https:\/\/tintas.ascend.pt\/en\/wp-json\/wp\/v2\/media\/15995"}],"wp:attachment":[{"href":"https:\/\/tintas.ascend.pt\/en\/wp-json\/wp\/v2\/media?parent=15996"}],"wp:term":[{"taxonomy":"product_cat","embeddable":true,"href":"https:\/\/tintas.ascend.pt\/en\/wp-json\/wp\/v2\/product_cat?post=15996"},{"taxonomy":"product_tag","embeddable":true,"href":"https:\/\/tintas.ascend.pt\/en\/wp-json\/wp\/v2\/product_tag?post=15996"}],"curies":[{"name":"wp","href":"https:\/\/api.w.org\/{rel}","templated":true}]}}