{"id":15998,"date":"2026-03-21T19:01:37","date_gmt":"2026-03-21T19:01:37","guid":{"rendered":"https:\/\/tintas.ascend.pt\/produto\/hidrofugante-wb\/"},"modified":"2026-03-27T17:20:00","modified_gmt":"2026-03-27T17:20:00","slug":"hidrofugante-wb","status":"publish","type":"product","link":"https:\/\/tintas.ascend.pt\/en\/product\/hidrofugante-wb\/","title":{"rendered":"HIDROFUGANTE WB"},"content":{"rendered":"<p>A penetra\u00e7\u00e3o de humidade em superf\u00edcies minerais causa deteriora\u00e7\u00e3o, manchas e crescimento de fungos e algas. Este hidrofugante aquoso oferece uma solu\u00e7\u00e3o eficaz para tornar os suportes imperme\u00e1veis, mantendo a sua respirabilidade natural.<\/p>\n<p>Adequado para aplica\u00e7\u00e3o em tijolo, cimento, bet\u00e3o, pedra natural e artificial, fibrocimento e outras superf\u00edcies minerosas porosas. O produto penetra profundamente no substrato, criando uma barreira hidrorepelente duradoura.<\/p>\n<p>Formulado \u00e0 base de polisiloxano modificado com grupos funcionais espec\u00edficos, proporciona resist\u00eancia superior a algas, fungos e agentes atmosf\u00e9ricos. O acabamento ligeiramente acetinado n\u00e3o altera significativamente o aspecto original das superf\u00edcies tratadas.<\/p>","protected":false},"excerpt":{"rendered":"<p>Hidrofugante aquoso \u00e0 base de polisiloxano para impermeabiliza\u00e7\u00e3o de suportes minerais contra humidade e intemp\u00e9ries.<\/p>","protected":false},"featured_media":15056,"comment_status":"open","ping_status":"closed","template":"","meta":{"_acf_changed":false},"product_cat":[285,287],"product_tag":[],"class_list":{"0":"post-15998","1":"product","2":"type-product","3":"status-publish","4":"has-post-thumbnail","6":"product_cat-fachadas","7":"product_cat-pavimentos-e-terracos","9":"first","10":"instock","11":"shipping-taxable","12":"purchasable","13":"product-type-simple","swatches":"rey-swatches","show_selected":""},"acf":[],"_links":{"self":[{"href":"https:\/\/tintas.ascend.pt\/en\/wp-json\/wp\/v2\/product\/15998","targetHints":{"allow":["GET"]}}],"collection":[{"href":"https:\/\/tintas.ascend.pt\/en\/wp-json\/wp\/v2\/product"}],"about":[{"href":"https:\/\/tintas.ascend.pt\/en\/wp-json\/wp\/v2\/types\/product"}],"replies":[{"embeddable":true,"href":"https:\/\/tintas.ascend.pt\/en\/wp-json\/wp\/v2\/comments?post=15998"}],"wp:featuredmedia":[{"embeddable":true,"href":"https:\/\/tintas.ascend.pt\/en\/wp-json\/wp\/v2\/media\/15056"}],"wp:attachment":[{"href":"https:\/\/tintas.ascend.pt\/en\/wp-json\/wp\/v2\/media?parent=15998"}],"wp:term":[{"taxonomy":"product_cat","embeddable":true,"href":"https:\/\/tintas.ascend.pt\/en\/wp-json\/wp\/v2\/product_cat?post=15998"},{"taxonomy":"product_tag","embeddable":true,"href":"https:\/\/tintas.ascend.pt\/en\/wp-json\/wp\/v2\/product_tag?post=15998"}],"curies":[{"name":"wp","href":"https:\/\/api.w.org\/{rel}","templated":true}]}}