{"id":16000,"date":"2026-03-21T19:03:48","date_gmt":"2026-03-21T19:03:48","guid":{"rendered":"https:\/\/tintas.ascend.pt\/produto\/hidrofugante-hsw100\/"},"modified":"2026-03-27T17:19:09","modified_gmt":"2026-03-27T17:19:09","slug":"hidrofugante-hsw100","status":"publish","type":"product","link":"https:\/\/tintas.ascend.pt\/en\/product\/hidrofugante-hsw100\/","title":{"rendered":"HIDROFUGANTE HSW100"},"content":{"rendered":"<p>A humidade \u00e9 um dos principais inimigos das estruturas de constru\u00e7\u00e3o, causando infiltra\u00e7\u00f5es, manchas e deteriora\u00e7\u00e3o de materiais. O hidrofugante HSW100 oferece uma solu\u00e7\u00e3o eficaz atrav\u00e9s da sua formula\u00e7\u00e3o \u00e0 base de silicone em solventes alif\u00e1ticos, que cria uma barreira imperme\u00e1vel contra a penetra\u00e7\u00e3o de \u00e1gua.<\/p>\n<p>Este produto \u00e9 adequado para aplica\u00e7\u00e3o em bet\u00e3o, alvenaria, pedra natural, tijolo e outras superf\u00edcies porosas que necessitem de prote\u00e7\u00e3o contra a humidade. A sua f\u00f3rmula permite a aplica\u00e7\u00e3o tanto em ambientes interiores como exteriores, proporcionando prote\u00e7\u00e3o duradoura.<\/p>\n<p>Apresenta acabamento brilhante e secagem r\u00e1pida em apenas 2 horas. A aplica\u00e7\u00e3o pode ser realizada com trincha, rolo ou pulverizador, oferecendo versatilidade conforme as necessidades da obra. Dispon\u00edvel em embalagens de 1L, 5L e 20L.<\/p>","protected":false},"excerpt":{"rendered":"<p>Hidrofugante \u00e0 base de silicone para prote\u00e7\u00e3o contra humidade em superf\u00edcies exteriores e interiores<\/p>","protected":false},"featured_media":15999,"comment_status":"open","ping_status":"closed","template":"","meta":{"_acf_changed":false},"product_cat":[287],"product_tag":[],"class_list":{"0":"post-16000","1":"product","2":"type-product","3":"status-publish","4":"has-post-thumbnail","6":"product_cat-pavimentos-e-terracos","8":"first","9":"instock","10":"shipping-taxable","11":"purchasable","12":"product-type-simple","swatches":"rey-swatches","show_selected":""},"acf":[],"_links":{"self":[{"href":"https:\/\/tintas.ascend.pt\/en\/wp-json\/wp\/v2\/product\/16000","targetHints":{"allow":["GET"]}}],"collection":[{"href":"https:\/\/tintas.ascend.pt\/en\/wp-json\/wp\/v2\/product"}],"about":[{"href":"https:\/\/tintas.ascend.pt\/en\/wp-json\/wp\/v2\/types\/product"}],"replies":[{"embeddable":true,"href":"https:\/\/tintas.ascend.pt\/en\/wp-json\/wp\/v2\/comments?post=16000"}],"wp:featuredmedia":[{"embeddable":true,"href":"https:\/\/tintas.ascend.pt\/en\/wp-json\/wp\/v2\/media\/15999"}],"wp:attachment":[{"href":"https:\/\/tintas.ascend.pt\/en\/wp-json\/wp\/v2\/media?parent=16000"}],"wp:term":[{"taxonomy":"product_cat","embeddable":true,"href":"https:\/\/tintas.ascend.pt\/en\/wp-json\/wp\/v2\/product_cat?post=16000"},{"taxonomy":"product_tag","embeddable":true,"href":"https:\/\/tintas.ascend.pt\/en\/wp-json\/wp\/v2\/product_tag?post=16000"}],"curies":[{"name":"wp","href":"https:\/\/api.w.org\/{rel}","templated":true}]}}