{"id":16002,"date":"2026-03-21T19:04:10","date_gmt":"2026-03-21T19:04:10","guid":{"rendered":"https:\/\/tintas.ascend.pt\/produto\/diluente-especial-0080\/"},"modified":"2026-03-21T19:04:10","modified_gmt":"2026-03-21T19:04:10","slug":"diluente-especial-0080","status":"publish","type":"product","link":"https:\/\/tintas.ascend.pt\/en\/product\/diluente-especial-0080\/","title":{"rendered":"DILUENTE ESPECIAL 0080"},"content":{"rendered":"<p>A aplica\u00e7\u00e3o de tintas e vernizes por vezes requer ajuste de viscosidade para obter o melhor resultado final. Este diluente especial foi formulado para proporcionar a fluidez ideal aos produtos de pintura.<\/p>\n<p>Adequado para dilui\u00e7\u00e3o de tintas sint\u00e9ticas, vernizes e esmaltes, permitindo uma aplica\u00e7\u00e3o mais uniforme e acabamento profissional. Compat\u00edvel com a maioria dos sistemas de pintura convencionais.<\/p>\n<p>Indicado para superf\u00edcies de madeira, metal e outras bases que requeiram prepara\u00e7\u00e3o com produtos dilu\u00eddos. A sua composi\u00e7\u00e3o garante secagem adequada sem comprometer as propriedades do filme final.<\/p>\n<p>Caracter\u00edsticas t\u00e9cnicas incluem boa capacidade de dissolu\u00e7\u00e3o, evapora\u00e7\u00e3o controlada e compatibilidade com diversos ligantes. Dispon\u00edvel em embalagens de 1L, 5L e 20L para diferentes necessidades de obra.<\/p>","protected":false},"excerpt":{"rendered":"<p>Diluente especial para tintas e vernizes, proporcionando viscosidade adequada e melhor aplica\u00e7\u00e3o em diversas superf\u00edcies.<\/p>","protected":false},"featured_media":16001,"comment_status":"open","ping_status":"closed","template":"","meta":{"_acf_changed":false},"product_cat":[290],"product_tag":[],"class_list":{"0":"post-16002","1":"product","2":"type-product","3":"status-publish","4":"has-post-thumbnail","6":"product_cat-diluentes-e-solventes","8":"first","9":"instock","10":"shipping-taxable","11":"purchasable","12":"product-type-simple","swatches":"rey-swatches","show_selected":""},"acf":[],"_links":{"self":[{"href":"https:\/\/tintas.ascend.pt\/en\/wp-json\/wp\/v2\/product\/16002","targetHints":{"allow":["GET"]}}],"collection":[{"href":"https:\/\/tintas.ascend.pt\/en\/wp-json\/wp\/v2\/product"}],"about":[{"href":"https:\/\/tintas.ascend.pt\/en\/wp-json\/wp\/v2\/types\/product"}],"replies":[{"embeddable":true,"href":"https:\/\/tintas.ascend.pt\/en\/wp-json\/wp\/v2\/comments?post=16002"}],"wp:featuredmedia":[{"embeddable":true,"href":"https:\/\/tintas.ascend.pt\/en\/wp-json\/wp\/v2\/media\/16001"}],"wp:attachment":[{"href":"https:\/\/tintas.ascend.pt\/en\/wp-json\/wp\/v2\/media?parent=16002"}],"wp:term":[{"taxonomy":"product_cat","embeddable":true,"href":"https:\/\/tintas.ascend.pt\/en\/wp-json\/wp\/v2\/product_cat?post=16002"},{"taxonomy":"product_tag","embeddable":true,"href":"https:\/\/tintas.ascend.pt\/en\/wp-json\/wp\/v2\/product_tag?post=16002"}],"curies":[{"name":"wp","href":"https:\/\/api.w.org\/{rel}","templated":true}]}}