{"id":16006,"date":"2026-03-21T19:05:01","date_gmt":"2026-03-21T19:05:01","guid":{"rendered":"https:\/\/tintas.ascend.pt\/produto\/diluente-p-tinta-acrilica-0094-e-esmalte-industrial\/"},"modified":"2026-03-21T19:05:01","modified_gmt":"2026-03-21T19:05:01","slug":"diluente-p-tinta-acrilica-0094-e-esmalte-industrial","status":"publish","type":"product","link":"https:\/\/tintas.ascend.pt\/en\/product\/diluente-p-tinta-acrilica-0094-e-esmalte-industrial\/","title":{"rendered":"DILUENTE p\/TINTA ACR\u00cdLICA 0094 E ESMALTE INDUSTRIAL"},"content":{"rendered":"<p>A aplica\u00e7\u00e3o de tintas acr\u00edlicas e esmaltes industriais pode apresentar dificuldades de espalhamento e acabamento quando a viscosidade n\u00e3o est\u00e1 adequada \u00e0s condi\u00e7\u00f5es de trabalho.<\/p>\n<p>Este diluente especializado resolve problemas de consist\u00eancia, permitindo ajustar a fluidez das tintas para obter aplica\u00e7\u00f5es uniformes e acabamentos profissionais.<\/p>\n<p>Compat\u00edvel com superf\u00edcies met\u00e1licas, madeira, bet\u00e3o e outros substratos onde se aplicam tintas acr\u00edlicas e esmaltes industriais.<\/p>\n<p>Formula\u00e7\u00e3o t\u00e9cnica que mant\u00e9m as propriedades originais da tinta, assegura secagem adequada e n\u00e3o compromete a ader\u00eancia. Dispon\u00edvel em embalagens de 1L, 5L e 20L para diferentes volumes de trabalho.<\/p>","protected":false},"excerpt":{"rendered":"<p>Diluente universal para tintas acr\u00edlicas e esmaltes industriais, optimiza viscosidade e facilita aplica\u00e7\u00e3o uniforme<\/p>","protected":false},"featured_media":16005,"comment_status":"open","ping_status":"closed","template":"","meta":{"_acf_changed":false},"product_cat":[290],"product_tag":[],"class_list":{"0":"post-16006","1":"product","2":"type-product","3":"status-publish","4":"has-post-thumbnail","6":"product_cat-diluentes-e-solventes","8":"first","9":"instock","10":"shipping-taxable","11":"purchasable","12":"product-type-simple","swatches":"rey-swatches","show_selected":""},"acf":[],"_links":{"self":[{"href":"https:\/\/tintas.ascend.pt\/en\/wp-json\/wp\/v2\/product\/16006","targetHints":{"allow":["GET"]}}],"collection":[{"href":"https:\/\/tintas.ascend.pt\/en\/wp-json\/wp\/v2\/product"}],"about":[{"href":"https:\/\/tintas.ascend.pt\/en\/wp-json\/wp\/v2\/types\/product"}],"replies":[{"embeddable":true,"href":"https:\/\/tintas.ascend.pt\/en\/wp-json\/wp\/v2\/comments?post=16006"}],"wp:featuredmedia":[{"embeddable":true,"href":"https:\/\/tintas.ascend.pt\/en\/wp-json\/wp\/v2\/media\/16005"}],"wp:attachment":[{"href":"https:\/\/tintas.ascend.pt\/en\/wp-json\/wp\/v2\/media?parent=16006"}],"wp:term":[{"taxonomy":"product_cat","embeddable":true,"href":"https:\/\/tintas.ascend.pt\/en\/wp-json\/wp\/v2\/product_cat?post=16006"},{"taxonomy":"product_tag","embeddable":true,"href":"https:\/\/tintas.ascend.pt\/en\/wp-json\/wp\/v2\/product_tag?post=16006"}],"curies":[{"name":"wp","href":"https:\/\/api.w.org\/{rel}","templated":true}]}}