{"id":16008,"date":"2026-03-21T19:05:33","date_gmt":"2026-03-21T19:05:33","guid":{"rendered":"https:\/\/tintas.ascend.pt\/produto\/diluente-especial-pur-33-34-sol\/"},"modified":"2026-03-21T19:05:33","modified_gmt":"2026-03-21T19:05:33","slug":"diluente-especial-pur-33-34-sol","status":"publish","type":"product","link":"https:\/\/tintas.ascend.pt\/en\/product\/diluente-especial-pur-33-34-sol\/","title":{"rendered":"DILUENTE ESPECIAL  PUR 33\/34 SOL"},"content":{"rendered":"<p>As tintas e vernizes de poliuretano apresentam viscosidade elevada que dificulta a aplica\u00e7\u00e3o uniforme e pode comprometer o acabamento final. O diluente especial PUR resolve esta quest\u00e3o ao ajustar a consist\u00eancia do produto para obter a fluidez ideal.<\/p>\n<p>Compat\u00edvel com sistemas de poliuretano bicomponente e monocomponente, este solvente permite aplica\u00e7\u00e3o por pincel, rolo ou pistola. Adequado para superf\u00edcies met\u00e1licas, madeira e bet\u00e3o em ambientes industriais e residenciais.<\/p>\n<p>Formulado especificamente para n\u00e3o alterar as propriedades qu\u00edmicas dos revestimentos PU, mant\u00e9m a durabilidade e resist\u00eancia do filme seco. Dispon\u00edvel em embalagens de 1L, 5L e 20L para diferentes volumes de trabalho.<\/p>","protected":false},"excerpt":{"rendered":"<p>Diluente especial para tintas e vernizes PU, proporcionando viscosidade adequada e acabamento profissional em aplica\u00e7\u00f5es industriais e dom\u00e9sticas.<\/p>","protected":false},"featured_media":16007,"comment_status":"open","ping_status":"closed","template":"","meta":{"_acf_changed":false},"product_cat":[290],"product_tag":[],"class_list":{"0":"post-16008","1":"product","2":"type-product","3":"status-publish","4":"has-post-thumbnail","6":"product_cat-diluentes-e-solventes","8":"first","9":"instock","10":"shipping-taxable","11":"purchasable","12":"product-type-simple","swatches":"rey-swatches","show_selected":""},"acf":[],"_links":{"self":[{"href":"https:\/\/tintas.ascend.pt\/en\/wp-json\/wp\/v2\/product\/16008","targetHints":{"allow":["GET"]}}],"collection":[{"href":"https:\/\/tintas.ascend.pt\/en\/wp-json\/wp\/v2\/product"}],"about":[{"href":"https:\/\/tintas.ascend.pt\/en\/wp-json\/wp\/v2\/types\/product"}],"replies":[{"embeddable":true,"href":"https:\/\/tintas.ascend.pt\/en\/wp-json\/wp\/v2\/comments?post=16008"}],"wp:featuredmedia":[{"embeddable":true,"href":"https:\/\/tintas.ascend.pt\/en\/wp-json\/wp\/v2\/media\/16007"}],"wp:attachment":[{"href":"https:\/\/tintas.ascend.pt\/en\/wp-json\/wp\/v2\/media?parent=16008"}],"wp:term":[{"taxonomy":"product_cat","embeddable":true,"href":"https:\/\/tintas.ascend.pt\/en\/wp-json\/wp\/v2\/product_cat?post=16008"},{"taxonomy":"product_tag","embeddable":true,"href":"https:\/\/tintas.ascend.pt\/en\/wp-json\/wp\/v2\/product_tag?post=16008"}],"curies":[{"name":"wp","href":"https:\/\/api.w.org\/{rel}","templated":true}]}}