{"id":16012,"date":"2026-03-21T19:06:30","date_gmt":"2026-03-21T19:06:30","guid":{"rendered":"https:\/\/tintas.ascend.pt\/produto\/diluente-sintetico-0092\/"},"modified":"2026-03-21T19:06:30","modified_gmt":"2026-03-21T19:06:30","slug":"diluente-sintetico-0092","status":"publish","type":"product","link":"https:\/\/tintas.ascend.pt\/en\/product\/diluente-sintetico-0092\/","title":{"rendered":"DILUENTE SINT\u00c9TICO 0092"},"content":{"rendered":"<p>As tintas sint\u00e9ticas podem apresentar viscosidade inadequada para aplica\u00e7\u00e3o ou necessitar de limpeza eficaz dos utens\u00edlios ap\u00f3s uso.<\/p>\n<p>O diluente sint\u00e9tico 0092 oferece a solu\u00e7\u00e3o ideal para ajustar a viscosidade de tintas sint\u00e9ticas e efectuar limpezas. Com alto teor em compostos alif\u00e1ticos, garante evapora\u00e7\u00e3o controlada e melhor trabalhabilidade.<\/p>\n<p>Indicado para aplica\u00e7\u00e3o em todas as superf\u00edcies onde se utilizem tintas sint\u00e9ticas alqu\u00eddicas, tanto em interiores como exteriores.<\/p>\n<p>Apresenta caracter\u00edsticas t\u00e9cnicas superiores com evapora\u00e7\u00e3o mais lenta, permitindo maior tempo de trabalho e melhor nivelamento da tinta. A formula\u00e7\u00e3o com alto teor alif\u00e1tico assegura compatibilidade total com resinas alqu\u00eddicas.<\/p>","protected":false},"excerpt":{"rendered":"<p>Diluente sint\u00e9tico para tintas alqu\u00eddicas com evapora\u00e7\u00e3o lenta, ideal para dilui\u00e7\u00e3o e limpeza de ferramentas<\/p>","protected":false},"featured_media":16011,"comment_status":"open","ping_status":"closed","template":"","meta":{"_acf_changed":false},"product_cat":[290],"product_tag":[],"class_list":{"0":"post-16012","1":"product","2":"type-product","3":"status-publish","4":"has-post-thumbnail","6":"product_cat-diluentes-e-solventes","8":"first","9":"instock","10":"shipping-taxable","11":"purchasable","12":"product-type-simple","swatches":"rey-swatches","show_selected":""},"acf":[],"_links":{"self":[{"href":"https:\/\/tintas.ascend.pt\/en\/wp-json\/wp\/v2\/product\/16012","targetHints":{"allow":["GET"]}}],"collection":[{"href":"https:\/\/tintas.ascend.pt\/en\/wp-json\/wp\/v2\/product"}],"about":[{"href":"https:\/\/tintas.ascend.pt\/en\/wp-json\/wp\/v2\/types\/product"}],"replies":[{"embeddable":true,"href":"https:\/\/tintas.ascend.pt\/en\/wp-json\/wp\/v2\/comments?post=16012"}],"wp:featuredmedia":[{"embeddable":true,"href":"https:\/\/tintas.ascend.pt\/en\/wp-json\/wp\/v2\/media\/16011"}],"wp:attachment":[{"href":"https:\/\/tintas.ascend.pt\/en\/wp-json\/wp\/v2\/media?parent=16012"}],"wp:term":[{"taxonomy":"product_cat","embeddable":true,"href":"https:\/\/tintas.ascend.pt\/en\/wp-json\/wp\/v2\/product_cat?post=16012"},{"taxonomy":"product_tag","embeddable":true,"href":"https:\/\/tintas.ascend.pt\/en\/wp-json\/wp\/v2\/product_tag?post=16012"}],"curies":[{"name":"wp","href":"https:\/\/api.w.org\/{rel}","templated":true}]}}